{"id":57,"date":"2011-02-16T10:16:01","date_gmt":"2011-02-16T10:16:01","guid":{"rendered":"http:\/\/www.erksmmm.com\/?page_id=57"},"modified":"2011-02-16T10:16:01","modified_gmt":"2011-02-16T10:16:01","slug":"tefe-katsayilari","status":"publish","type":"page","link":"https:\/\/www.erksmmm.com\/?page_id=57","title":{"rendered":"Tefe Katsay\u0131lar\u0131"},"content":{"rendered":"<p style=\"text-align: center;\"><a href=\"http:\/\/www.alomaliye.com\/tefe_katsayilari.rtf\" target=\"_blank\"><strong>Tefe Katsay\u0131lar\u0131 \u0130\u00e7in T\u0131klay\u0131n\u0131z<\/strong><\/a><\/p>\n","protected":false},"excerpt":{"rendered":"<p>Tefe Katsay\u0131lar\u0131 \u0130\u00e7in T\u0131klay\u0131n\u0131z<\/p>\n","protected":false},"author":1,"featured_media":0,"parent":0,"menu_order":0,"comment_status":"closed","ping_status":"closed","template":"","meta":{"footnotes":""},"class_list":["post-57","page","type-page","status-publish","hentry"],"_links":{"self":[{"href":"https:\/\/www.erksmmm.com\/index.php?rest_route=\/wp\/v2\/pages\/57","targetHints":{"allow":["GET"]}}],"collection":[{"href":"https:\/\/www.erksmmm.com\/index.php?rest_route=\/wp\/v2\/pages"}],"about":[{"href":"https:\/\/www.erksmmm.com\/index.php?rest_route=\/wp\/v2\/types\/page"}],"author":[{"embeddable":true,"href":"https:\/\/www.erksmmm.com\/index.php?rest_route=\/wp\/v2\/users\/1"}],"replies":[{"embeddable":true,"href":"https:\/\/www.erksmmm.com\/index.php?rest_route=%2Fwp%2Fv2%2Fcomments&post=57"}],"version-history":[{"count":1,"href":"https:\/\/www.erksmmm.com\/index.php?rest_route=\/wp\/v2\/pages\/57\/revisions"}],"predecessor-version":[{"id":58,"href":"https:\/\/www.erksmmm.com\/index.php?rest_route=\/wp\/v2\/pages\/57\/revisions\/58"}],"wp:attachment":[{"href":"https:\/\/www.erksmmm.com\/index.php?rest_route=%2Fwp%2Fv2%2Fmedia&parent=57"}],"curies":[{"name":"wp","href":"https:\/\/api.w.org\/{rel}","templated":true}]}}